{"id":2627,"date":"2025-10-28T14:42:04","date_gmt":"2025-10-28T13:42:04","guid":{"rendered":"https:\/\/www.agriturismo-elba.it\/recensioni\/"},"modified":"2026-02-23T12:13:22","modified_gmt":"2026-02-23T11:13:22","slug":"avis","status":"publish","type":"page","link":"https:\/\/www.agriturismo-elba.it\/fr\/avis\/","title":{"rendered":"Avis"},"content":{"rendered":"\t\t<div data-elementor-type=\"wp-page\" data-elementor-id=\"2627\" class=\"elementor elementor-2627 elementor-2597\">\n\t\t\t\t\t\t<section class=\"elementor-section elementor-top-section elementor-element elementor-element-b6d6251 elementor-section-stretched elementor-section-boxed elementor-section-height-default elementor-section-height-default\" data-id=\"b6d6251\" data-element_type=\"section\" data-e-type=\"section\" data-settings=\"{&quot;stretch_section&quot;:&quot;section-stretched&quot;}\">\n\t\t\t\t\t\t<div class=\"elementor-container elementor-column-gap-wider\">\n\t\t\t\t\t<div class=\"elementor-column elementor-col-100 elementor-top-column elementor-element elementor-element-3a885ac\" data-id=\"3a885ac\" data-element_type=\"column\" data-e-type=\"column\">\n\t\t\t<div class=\"elementor-widget-wrap elementor-element-populated\">\n\t\t\t\t\t\t<section class=\"elementor-section elementor-inner-section elementor-element elementor-element-0be96b0 elementor-section-boxed elementor-section-height-default elementor-section-height-default\" data-id=\"0be96b0\" data-element_type=\"section\" data-e-type=\"section\">\n\t\t\t\t\t\t<div class=\"elementor-container elementor-column-gap-default\">\n\t\t\t\t\t<div class=\"elementor-column elementor-col-100 elementor-inner-column elementor-element elementor-element-83ddc96\" data-id=\"83ddc96\" data-element_type=\"column\" data-e-type=\"column\">\n\t\t\t<div class=\"elementor-widget-wrap elementor-element-populated\">\n\t\t\t\t\t\t<div class=\"elementor-element elementor-element-dd0e481 elementor-widget elementor-widget-text-editor\" data-id=\"dd0e481\" data-element_type=\"widget\" data-e-type=\"widget\" data-widget_type=\"text-editor.default\">\n\t\t\t\t<div class=\"elementor-widget-container\">\n\t\t\t\t\t\t\t\t\t<h2>Ce que disent nos h\u00f4tes<\/h2>\n<h4>Les exp\u00e9riences v\u00e9cues par nos h\u00f4tes entre nature, gastronomie et d\u00e9tente \u00e0 l\u2019Agriturismo Amandolo<\/h4>\n\t\t\t\t\t\t\t\t<\/div>\n\t\t\t\t<\/div>\n\t\t\t\t<div class=\"elementor-element elementor-element-fd4f581 elementor-widget elementor-widget-shortcode\" data-id=\"fd4f581\" data-element_type=\"widget\" data-e-type=\"widget\" data-widget_type=\"shortcode.default\">\n\t\t\t\t<div class=\"elementor-widget-container\">\n\t\t\t\t\t\t\t<div class=\"elementor-shortcode\"><div class=\"wp-gr rpi wpac\" data-id=\"2625\" data-layout=\"slider\" data-exec=\"false\" data-options='{&quot;text_size&quot;:&quot;&quot;,&quot;trans&quot;:{&quot;read more&quot;:&quot;plus&quot;}}'><svg xmlns=\"http:\/\/www.w3.org\/2000\/svg\" style=\"display:none!important\"><symbol id=\"grw-tripadvisor\" viewBox=\"0 0 713.496 713.496\"><g><circle fill=\"#34E0A1\" cx=\"356.749\" cy=\"356.748\" r=\"356.748\"\/><path d=\"M577.095,287.152l43.049-46.836h-95.465c-47.792-32.646-105.51-51.659-167.931-51.659   c-62.342,0-119.899,19.054-167.612,51.659H93.432l43.049,46.836c-26.387,24.075-42.929,58.754-42.929,97.259   c0,72.665,58.914,131.578,131.579,131.578c34.519,0,65.968-13.313,89.446-35.077l42.172,45.919l42.172-45.879   c23.478,21.764,54.887,35.037,89.406,35.037c72.665,0,131.658-58.913,131.658-131.578   C620.024,345.866,603.483,311.188,577.095,287.152z M225.17,473.458c-49.188,0-89.047-39.859-89.047-89.047   s39.86-89.048,89.047-89.048c49.187,0,89.047,39.86,89.047,89.048S274.357,473.458,225.17,473.458z M356.788,381.82   c0-58.595-42.61-108.898-98.853-130.383c30.413-12.716,63.776-19.771,98.813-19.771s68.439,7.055,98.853,19.771   C399.399,272.962,356.788,323.226,356.788,381.82z M488.367,473.458c-49.188,0-89.048-39.859-89.048-89.047   s39.86-89.048,89.048-89.048s89.047,39.86,89.047,89.048S537.554,473.458,488.367,473.458z M488.367,337.694   c-25.79,0-46.677,20.887-46.677,46.677c0,25.789,20.887,46.676,46.677,46.676c25.789,0,46.676-20.887,46.676-46.676   C535.042,358.621,514.156,337.694,488.367,337.694z M271.846,384.411c0,25.789-20.887,46.676-46.676,46.676   s-46.676-20.887-46.676-46.676c0-25.79,20.887-46.677,46.676-46.677C250.959,337.694,271.846,358.621,271.846,384.411z\"\/><\/g><\/symbol><symbol id=\"grw-google\" viewBox=\"0 0 512 512\"><g fill=\"none\" fill-rule=\"evenodd\"><path d=\"M482.56 261.36c0-16.73-1.5-32.83-4.29-48.27H256v91.29h127.01c-5.47 29.5-22.1 54.49-47.09 71.23v59.21h76.27c44.63-41.09 70.37-101.59 70.37-173.46z\" fill=\"#4285f4\"\/><path d=\"M256 492c63.72 0 117.14-21.13 156.19-57.18l-76.27-59.21c-21.13 14.16-48.17 22.53-79.92 22.53-61.47 0-113.49-41.51-132.05-97.3H45.1v61.15c38.83 77.13 118.64 130.01 210.9 130.01z\" fill=\"#34a853\"\/><path d=\"M123.95 300.84c-4.72-14.16-7.4-29.29-7.4-44.84s2.68-30.68 7.4-44.84V150.01H45.1C29.12 181.87 20 217.92 20 256c0 38.08 9.12 74.13 25.1 105.99l78.85-61.15z\" fill=\"#fbbc05\"\/><path d=\"M256 113.86c34.65 0 65.76 11.91 90.22 35.29l67.69-67.69C373.03 43.39 319.61 20 256 20c-92.25 0-172.07 52.89-210.9 130.01l78.85 61.15c18.56-55.78 70.59-97.3 132.05-97.3z\" fill=\"#ea4335\"\/><path d=\"M20 20h472v472H20V20z\"\/><\/g><\/symbol><\/svg><div class=\"grw-row grw-row-m\" data-options='{\"speed\":3,\"autoplay\":true,\"mousestop\":true,\"breakpoints\":\"\"}'><div class=\"grw-header\"><div class=\"grw-header-inner rpi-flx rpi-row12\"><div class=\"grw-img-wrap\"><img loading=\"lazy\" decoding=\"async\" class=\"grw-img\" src=\"https:\/\/www.agriturismo-elba.it\/wp-content\/plugins\/widget-google-reviews\/assets\/img\/gmblogo.svg\" loading=\"lazy\" alt=\"Agriturismo Amandolo place picture\" width=\"50\" height=\"50\" onerror=\"if(this.src!='data:image\/gif;base64,R0lGODlhAQABAIAAAAAAAP\/\/\/yH5BAEAAAAALAAAAAABAAEAAAIBRAA7')this.src='data:image\/gif;base64,R0lGODlhAQABAIAAAAAAAP\/\/\/yH5BAEAAAAALAAAAAABAAEAAAIBRAA7';\" ><\/div><div class=\"rpi-flx rpi-col8\"><div class=\"wp-google-name\"><a href=\"https:\/\/search.google.com\/local\/reviews?placeid=ChIJC2nasJ061hIRXrMQLeQE8UQ\" target=\"_blank\" rel=\"nofollow noopener\">Agriturismo Amandolo<\/a><\/div><span class=\"rpi-stars\" style=\"--rating:4.6\">4.6<\/span><div class=\"wp-google-based\">Bas\u00e9 sur 102 avis<\/div><div class=\"wp-google-powered\">powered by <span><span style=\"color:#3c6df0!important\">G<\/span><span style=\"color:#d93025!important\">o<\/span><span style=\"color:#fb8e28!important\">o<\/span><span style=\"color:#3c6df0!important\">g<\/span><span style=\"color:#188038!important\">l<\/span><span style=\"color:#d93025!important\">e<\/span><\/span><\/div><div class=\"wp-google-wr\"><a href=\"https:\/\/search.google.com\/local\/writereview?placeid=ChIJC2nasJ061hIRXrMQLeQE8UQ\" target=\"_blank\" rel=\"nofollow noopener\" onclick=\"return rplg_leave_review_window.call(this)\">notez-nous sur<svg height=\"16\" width=\"16\" role=\"none\"><use href=\"#grw-google\"><\/use><\/svg><\/a><\/div><\/div><\/div><\/div><div class=\"rpi-slides-root grw-content\"><div class=\"grw-content-inner\"><button class=\"rpi-ltgt rpi-lt grw-prev\" tabindex=\"0\"><\/button><div class=\"rpi-slides grw-reviews rpi-slides-bite\" data-count=\"6\" data-offset=\"6\"><div class=\"rpi-slide grw-review\"><div class=\"rpi-flx rpi-col12 grw-review-inner grw-backgnd\"><div class=\"rpi-flx rpi-row12-center\"><div class=\"grw-img-wrap\"><img loading=\"lazy\" decoding=\"async\" class=\"grw-img\" src=\"https:\/\/www.agriturismo-elba.it\/wp-content\/uploads\/2025\/10\/ChIJC2nasJ061hIRXrMQLeQE8UQ_67838faeafe7d4a58a64e4f3eb1f9fb5.jpg\" loading=\"lazy\" alt=\"Anna B profile picture\" width=\"50\" height=\"50\" onerror=\"if(this.src!='https:\/\/www.agriturismo-elba.it\/wp-content\/plugins\/widget-google-reviews\/assets\/img\/guest.png')this.src='https:\/\/www.agriturismo-elba.it\/wp-content\/plugins\/widget-google-reviews\/assets\/img\/guest.png';\" ><\/div><div class=\"rpi-flx rpi-col6\"><a href=\"https:\/\/www.google.com\/maps\/contrib\/103924274050096503731\/reviews\" class=\"wp-google-name\" target=\"_blank\" rel=\"nofollow noopener\">Anna B<\/a><div class=\"wp-google-time\" data-time=\"1761514879\">21:41 26 Oct 25<\/div><\/div><\/div><span class=\"rpi-stars\" style=\"--rating:5\"><\/span><div class=\"rpi-flx rpi-col4\"><div class=\"wp-google-feedback grw-scroll\" ><span class=\"wp-google-text\">A stunning place, surrounded by nature with a view of the sea and the sunset. It was a very relaxing stay for us, and we truly enjoyed it! Alessandro and Mavi, the owners, are very welcoming and helpful; their hospitality made our experience even more enjoyable! Thank you for everything, we'll definitely be back!<\/span><\/div><\/div><div class=\"wp-google-reply grw-scroll\"><div><span class=\"grw-b\">R\u00e9ponse du propri\u00e9taire<\/span><span class=\"wp-google-time\" data-time=\"1761541555\">                            05:05 27 Oct 25                        <\/span><\/div>Grazie Anna, \u00e8 stato un piacere anche per noi.<\/div><svg height=\"16\" width=\"16\" role=\"none\"><use href=\"#grw-google\"\/><\/svg><\/div><\/div><div class=\"rpi-slide grw-review\"><div class=\"rpi-flx rpi-col12 grw-review-inner grw-backgnd\"><div class=\"rpi-flx rpi-row12-center\"><div class=\"grw-img-wrap\"><img loading=\"lazy\" decoding=\"async\" class=\"grw-img\" src=\"https:\/\/www.agriturismo-elba.it\/wp-content\/uploads\/2025\/10\/ChIJC2nasJ061hIRXrMQLeQE8UQ_0658410b9877b3530799ffe4121493df.jpg\" loading=\"lazy\" alt=\"erika cosci profile picture\" width=\"50\" height=\"50\" onerror=\"if(this.src!='https:\/\/www.agriturismo-elba.it\/wp-content\/plugins\/widget-google-reviews\/assets\/img\/guest.png')this.src='https:\/\/www.agriturismo-elba.it\/wp-content\/plugins\/widget-google-reviews\/assets\/img\/guest.png';\" ><\/div><div class=\"rpi-flx rpi-col6\"><a href=\"https:\/\/www.google.com\/maps\/contrib\/113209430204874056728\/reviews\" class=\"wp-google-name\" target=\"_blank\" rel=\"nofollow noopener\">erika cosci<\/a><div class=\"wp-google-time\" data-time=\"1751551860\">14:11 03 Jul 25<\/div><\/div><\/div><span class=\"rpi-stars\" style=\"--rating:5\"><\/span><div class=\"rpi-flx rpi-col4\"><div class=\"wp-google-feedback grw-scroll\" ><span class=\"wp-google-text\">Fantastic &#x2764;&#xfe0f;<\/span><\/div><\/div><svg height=\"16\" width=\"16\" role=\"none\"><use href=\"#grw-google\"\/><\/svg><\/div><\/div><div class=\"rpi-slide grw-review\"><div class=\"rpi-flx rpi-col12 grw-review-inner grw-backgnd\"><div class=\"rpi-flx rpi-row12-center\"><div class=\"grw-img-wrap\"><img loading=\"lazy\" decoding=\"async\" class=\"grw-img\" src=\"https:\/\/www.agriturismo-elba.it\/wp-content\/uploads\/2025\/10\/ChIJC2nasJ061hIRXrMQLeQE8UQ_aeeb04e5f171cfc4dca3bb9518140c29.jpg\" loading=\"lazy\" alt=\"Bettina E profile picture\" width=\"50\" height=\"50\" onerror=\"if(this.src!='https:\/\/www.agriturismo-elba.it\/wp-content\/plugins\/widget-google-reviews\/assets\/img\/guest.png')this.src='https:\/\/www.agriturismo-elba.it\/wp-content\/plugins\/widget-google-reviews\/assets\/img\/guest.png';\" ><\/div><div class=\"rpi-flx rpi-col6\"><a href=\"https:\/\/www.google.com\/maps\/contrib\/113691818705240647709\/reviews\" class=\"wp-google-name\" target=\"_blank\" rel=\"nofollow noopener\">Bettina E<\/a><div class=\"wp-google-time\" data-time=\"1750942284\">12:51 26 Jun 25<\/div><\/div><\/div><span class=\"rpi-stars\" style=\"--rating:5\"><\/span><div class=\"rpi-flx rpi-col4\"><div class=\"wp-google-feedback grw-scroll\" ><\/div><\/div><svg height=\"16\" width=\"16\" role=\"none\"><use href=\"#grw-google\"\/><\/svg><\/div><\/div><div class=\"rpi-slide grw-review\"><div class=\"rpi-flx rpi-col12 grw-review-inner grw-backgnd\"><div class=\"rpi-flx rpi-row12-center\"><div class=\"grw-img-wrap\"><img loading=\"lazy\" decoding=\"async\" class=\"grw-img\" src=\"https:\/\/www.agriturismo-elba.it\/wp-content\/uploads\/2025\/10\/ChIJC2nasJ061hIRXrMQLeQE8UQ_18eed5f35e6ae6dc97c6f234ffc5f188.jpg\" loading=\"lazy\" alt=\"Serena G. profile picture\" width=\"50\" height=\"50\" onerror=\"if(this.src!='https:\/\/www.agriturismo-elba.it\/wp-content\/plugins\/widget-google-reviews\/assets\/img\/guest.png')this.src='https:\/\/www.agriturismo-elba.it\/wp-content\/plugins\/widget-google-reviews\/assets\/img\/guest.png';\" ><\/div><div class=\"rpi-flx rpi-col6\"><a href=\"https:\/\/www.google.com\/maps\/contrib\/116287203200800709410\/reviews\" class=\"wp-google-name\" target=\"_blank\" rel=\"nofollow noopener\">Serena G.<\/a><div class=\"wp-google-time\" data-time=\"1727623428\">15:23 29 Sep 24<\/div><\/div><\/div><span class=\"rpi-stars\" style=\"--rating:5\"><\/span><div class=\"rpi-flx rpi-col4\"><div class=\"wp-google-feedback grw-scroll\" ><span class=\"wp-google-text\">The location is perfect if you're looking for tranquility, to enjoy nature and the sea, and a breathtaking view from the balcony. The house is well-maintained in a rustic style, but could be even more beautiful with a few small touches to the furniture.<br \/>The hospitality and helpfulness of the owner, Mr. Alessandro, is priceless. The nearby, well-known restaurant, Ristoro dell'Amandolo, is also truly excellent: excellent ingredients, expertly cooked, and the staff are truly skilled in managing guests.<br \/>I recommend both!<\/span><\/div><div class=\"wp-google-img\"><img decoding=\"async\" class=\"rpi-thumb\" src=\"https:\/\/www.agriturismo-elba.it\/wp-content\/uploads\/2025\/10\/ChIJC2nasJ061hIRXrMQLeQE8UQ_img_449f5477c5749f70ec40af0af4f34843.jpg\" alt=\"Photo from customer review\" loading=\"lazy\"><img decoding=\"async\" class=\"rpi-thumb\" src=\"https:\/\/www.agriturismo-elba.it\/wp-content\/uploads\/2025\/10\/ChIJC2nasJ061hIRXrMQLeQE8UQ_img_b2ad00fe7b48067d255f013dfaf7117a.jpg\" alt=\"Photo from customer review\" loading=\"lazy\"><img decoding=\"async\" class=\"rpi-thumb\" src=\"https:\/\/www.agriturismo-elba.it\/wp-content\/uploads\/2025\/10\/ChIJC2nasJ061hIRXrMQLeQE8UQ_img_b2dd1a24ffe77873278bd9e30ecef50d.jpg\" alt=\"Photo from customer review\" loading=\"lazy\"><img decoding=\"async\" class=\"rpi-thumb\" src=\"https:\/\/www.agriturismo-elba.it\/wp-content\/uploads\/2025\/10\/ChIJC2nasJ061hIRXrMQLeQE8UQ_img_5b81759de0b36659d464ff521132aeff.jpg\" alt=\"Photo from customer review\" loading=\"lazy\"><\/div><\/div><svg height=\"16\" width=\"16\" role=\"none\"><use href=\"#grw-google\"\/><\/svg><\/div><\/div><div class=\"rpi-slide grw-review\"><div class=\"rpi-flx rpi-col12 grw-review-inner grw-backgnd\"><div class=\"rpi-flx rpi-row12-center\"><div class=\"grw-img-wrap\"><img loading=\"lazy\" decoding=\"async\" class=\"grw-img\" src=\"https:\/\/www.agriturismo-elba.it\/wp-content\/uploads\/2025\/10\/ChIJC2nasJ061hIRXrMQLeQE8UQ_2883772c5519a6b9d688125d095ab02e.jpg\" loading=\"lazy\" alt=\"rodolfo pironti profile picture\" width=\"50\" height=\"50\" onerror=\"if(this.src!='https:\/\/www.agriturismo-elba.it\/wp-content\/plugins\/widget-google-reviews\/assets\/img\/guest.png')this.src='https:\/\/www.agriturismo-elba.it\/wp-content\/plugins\/widget-google-reviews\/assets\/img\/guest.png';\" ><\/div><div class=\"rpi-flx rpi-col6\"><a href=\"https:\/\/www.google.com\/maps\/contrib\/115581248690324334402\/reviews\" class=\"wp-google-name\" target=\"_blank\" rel=\"nofollow noopener\">rodolfo pironti<\/a><div class=\"wp-google-time\" data-time=\"1724409225\">10:33 23 Aug 24<\/div><\/div><\/div><span class=\"rpi-stars\" style=\"--rating:3\"><\/span><div class=\"rpi-flx rpi-col4\"><div class=\"wp-google-feedback grw-scroll\" ><span class=\"wp-google-text\">We booked this agriturismo, which had been recommended to us, expecting a good selection of plant-based dishes from such a place, since one of the guests is vegan. When we arrived, we were presented with a menu of only fish and meat, with no option to change the dishes because they were already pre-made. The only vegan option was a dish of plain pasta, something we hadn't seen in many years. Aside from this strange incident, the cured meats were good, and the meat dishes were far superior to the fish ones, one in particular being inedible. The atmosphere was lovely, rustic, and with a beautiful sunset view.<\/span><\/div><div class=\"wp-google-img\"><img decoding=\"async\" class=\"rpi-thumb\" src=\"https:\/\/www.agriturismo-elba.it\/wp-content\/uploads\/2025\/10\/ChIJC2nasJ061hIRXrMQLeQE8UQ_img_33eacef8e2ce3f529c8e83364874498e.jpg\" alt=\"Photo from customer review\" loading=\"lazy\"><img decoding=\"async\" class=\"rpi-thumb\" src=\"https:\/\/www.agriturismo-elba.it\/wp-content\/uploads\/2025\/10\/ChIJC2nasJ061hIRXrMQLeQE8UQ_img_8b77cd0d56b25bcfe6b24ae6c78483a3.jpg\" alt=\"Photo from customer review\" loading=\"lazy\"><img decoding=\"async\" class=\"rpi-thumb\" src=\"https:\/\/www.agriturismo-elba.it\/wp-content\/uploads\/2025\/10\/ChIJC2nasJ061hIRXrMQLeQE8UQ_img_c9ecff43581e53566ce09f40d4dacad6.jpg\" alt=\"Photo from customer review\" loading=\"lazy\"><\/div><\/div><svg height=\"16\" width=\"16\" role=\"none\"><use href=\"#grw-google\"\/><\/svg><\/div><\/div><div class=\"rpi-slide grw-review\"><div class=\"rpi-flx rpi-col12 grw-review-inner grw-backgnd\"><div class=\"rpi-flx rpi-row12-center\"><div class=\"grw-img-wrap\"><img loading=\"lazy\" decoding=\"async\" class=\"grw-img\" src=\"https:\/\/www.agriturismo-elba.it\/wp-content\/uploads\/2025\/10\/ChIJC2nasJ061hIRXrMQLeQE8UQ_b0dd13bdcac0ae49832532efe1461b38.jpg\" loading=\"lazy\" alt=\"Tamara Forcelli profile picture\" width=\"50\" height=\"50\" onerror=\"if(this.src!='https:\/\/www.agriturismo-elba.it\/wp-content\/plugins\/widget-google-reviews\/assets\/img\/guest.png')this.src='https:\/\/www.agriturismo-elba.it\/wp-content\/plugins\/widget-google-reviews\/assets\/img\/guest.png';\" ><\/div><div class=\"rpi-flx rpi-col6\"><a href=\"https:\/\/www.google.com\/maps\/contrib\/102322434396928079418\/reviews\" class=\"wp-google-name\" target=\"_blank\" rel=\"nofollow noopener\">Tamara Forcelli<\/a><div class=\"wp-google-time\" data-time=\"1723204103\">11:48 09 Aug 24<\/div><\/div><\/div><span class=\"rpi-stars\" style=\"--rating:5\"><\/span><div class=\"rpi-flx rpi-col4\"><div class=\"wp-google-feedback grw-scroll\" ><span class=\"wp-google-text\">A wonderful place, just like the warm welcome. Breathtaking views to be enjoyed every day because the apartments face the sea. And what can I say about the owner, Alessandro, friendly and honest, like everyone else? The restaurant is adorable, and the dinners are delicious.<\/span><\/div><\/div><svg height=\"16\" width=\"16\" role=\"none\"><use href=\"#grw-google\"\/><\/svg><\/div><\/div><\/div><button class=\"rpi-ltgt rpi-gt grw-next\" tabindex=\"0\"><\/button><div class=\"rpi-dots-wrap\"><div class=\"rpi-dots\"><\/div><\/div><\/div><\/div><\/div><script>(function(p){if(!p)return;let w=p.offsetWidth,m=function(a,b){return Math.min(a,b)===a};p.querySelector('.grw-row').classList.replace('grw-row-m','grw-row-'+(m(w,510)?'xs':m(w,750)?'x':m(w,1100)?'s':m(w,1450)?'m':m(w,1800)?'l':'xl'))})(document.currentScript?.parentElement)<\/script><\/div><\/div>\n\t\t\t\t\t\t<\/div>\n\t\t\t\t<\/div>\n\t\t\t\t\t<\/div>\n\t\t<\/div>\n\t\t\t\t\t<\/div>\n\t\t<\/section>\n\t\t\t\t\t<\/div>\n\t\t<\/div>\n\t\t\t\t\t<\/div>\n\t\t<\/section>\n\t\t\t\t<section class=\"elementor-section elementor-top-section elementor-element elementor-element-2022f312 elementor-section-boxed elementor-section-height-default elementor-section-height-default\" data-id=\"2022f312\" data-element_type=\"section\" data-e-type=\"section\">\n\t\t\t\t\t\t<div class=\"elementor-container elementor-column-gap-default\">\n\t\t\t\t\t<div class=\"elementor-column elementor-col-100 elementor-top-column elementor-element elementor-element-7d52befe\" data-id=\"7d52befe\" data-element_type=\"column\" data-e-type=\"column\">\n\t\t\t<div class=\"elementor-widget-wrap elementor-element-populated\">\n\t\t\t\t\t\t<div class=\"elementor-element elementor-element-21a0d549 elementor-align-center elementor-widget elementor-widget-button\" data-id=\"21a0d549\" data-element_type=\"widget\" data-e-type=\"widget\" data-widget_type=\"button.default\">\n\t\t\t\t<div class=\"elementor-widget-container\">\n\t\t\t\t\t\t\t\t\t<div class=\"elementor-button-wrapper\">\n\t\t\t\t\t<a class=\"elementor-button elementor-button-link elementor-size-sm\" href=\"https:\/\/www.agriturismo-elba.it\/fr\/contacts\/\">\n\t\t\t\t\t\t<span class=\"elementor-button-content-wrapper\">\n\t\t\t\t\t\t\t\t\t<span class=\"elementor-button-text\">\tDemander des informations<\/span>\n\t\t\t\t\t<\/span>\n\t\t\t\t\t<\/a>\n\t\t\t\t<\/div>\n\t\t\t\t\t\t\t\t<\/div>\n\t\t\t\t<\/div>\n\t\t\t\t\t<\/div>\n\t\t<\/div>\n\t\t\t\t\t<\/div>\n\t\t<\/section>\n\t\t\t\t<\/div>\n\t\t","protected":false},"excerpt":{"rendered":"<p>Ce que disent nos h\u00f4tes Les exp\u00e9riences v\u00e9cues par nos h\u00f4tes entre nature, gastronomie et d\u00e9tente \u00e0 l\u2019Agriturismo Amandolo Demander des informations<\/p>\n","protected":false},"author":1,"featured_media":2186,"parent":0,"menu_order":0,"comment_status":"closed","ping_status":"closed","template":"","meta":{"footnotes":""},"class_list":["post-2627","page","type-page","status-publish","has-post-thumbnail","hentry"],"_links":{"self":[{"href":"https:\/\/www.agriturismo-elba.it\/fr\/wp-json\/wp\/v2\/pages\/2627","targetHints":{"allow":["GET"]}}],"collection":[{"href":"https:\/\/www.agriturismo-elba.it\/fr\/wp-json\/wp\/v2\/pages"}],"about":[{"href":"https:\/\/www.agriturismo-elba.it\/fr\/wp-json\/wp\/v2\/types\/page"}],"author":[{"embeddable":true,"href":"https:\/\/www.agriturismo-elba.it\/fr\/wp-json\/wp\/v2\/users\/1"}],"replies":[{"embeddable":true,"href":"https:\/\/www.agriturismo-elba.it\/fr\/wp-json\/wp\/v2\/comments?post=2627"}],"version-history":[{"count":5,"href":"https:\/\/www.agriturismo-elba.it\/fr\/wp-json\/wp\/v2\/pages\/2627\/revisions"}],"predecessor-version":[{"id":2739,"href":"https:\/\/www.agriturismo-elba.it\/fr\/wp-json\/wp\/v2\/pages\/2627\/revisions\/2739"}],"wp:featuredmedia":[{"embeddable":true,"href":"https:\/\/www.agriturismo-elba.it\/fr\/wp-json\/wp\/v2\/media\/2186"}],"wp:attachment":[{"href":"https:\/\/www.agriturismo-elba.it\/fr\/wp-json\/wp\/v2\/media?parent=2627"}],"curies":[{"name":"wp","href":"https:\/\/api.w.org\/{rel}","templated":true}]}}