{"id":2554,"date":"2025-10-28T11:14:33","date_gmt":"2025-10-28T10:14:33","guid":{"rendered":"https:\/\/www.agriturismo-elba.it\/glamping\/"},"modified":"2026-02-23T12:14:02","modified_gmt":"2026-02-23T11:14:02","slug":"glamping","status":"publish","type":"page","link":"https:\/\/www.agriturismo-elba.it\/fr\/glamping\/","title":{"rendered":"Glamping"},"content":{"rendered":"\t\t<div data-elementor-type=\"wp-page\" data-elementor-id=\"2554\" class=\"elementor elementor-2554 elementor-2488\">\n\t\t\t\t\t\t<section class=\"elementor-section elementor-top-section elementor-element elementor-element-b7d722f elementor-section-stretched elementor-section-boxed elementor-section-height-default elementor-section-height-default\" data-id=\"b7d722f\" data-element_type=\"section\" data-e-type=\"section\" data-settings=\"{&quot;stretch_section&quot;:&quot;section-stretched&quot;}\">\n\t\t\t\t\t\t<div class=\"elementor-container elementor-column-gap-wider\">\n\t\t\t\t\t<div class=\"elementor-column elementor-col-100 elementor-top-column elementor-element elementor-element-b4e75bf\" data-id=\"b4e75bf\" data-element_type=\"column\" data-e-type=\"column\">\n\t\t\t<div class=\"elementor-widget-wrap elementor-element-populated\">\n\t\t\t\t\t\t<section class=\"elementor-section elementor-inner-section elementor-element elementor-element-51548ca elementor-section-boxed elementor-section-height-default elementor-section-height-default\" data-id=\"51548ca\" data-element_type=\"section\" data-e-type=\"section\">\n\t\t\t\t\t\t<div class=\"elementor-container elementor-column-gap-wider\">\n\t\t\t\t\t<div class=\"elementor-column elementor-col-50 elementor-inner-column elementor-element elementor-element-f2ecbe2\" data-id=\"f2ecbe2\" data-element_type=\"column\" data-e-type=\"column\">\n\t\t\t<div class=\"elementor-widget-wrap elementor-element-populated\">\n\t\t\t\t\t\t<div class=\"elementor-element elementor-element-e71cf6d elementor-widget elementor-widget-text-editor\" data-id=\"e71cf6d\" data-element_type=\"widget\" data-e-type=\"widget\" data-widget_type=\"text-editor.default\">\n\t\t\t\t<div class=\"elementor-widget-container\">\n\t\t\t\t\t\t\t\t\t<h2>Glamping avec vue sur la mer<\/h2>\t\t\t\t\t\t\t\t<\/div>\n\t\t\t\t<\/div>\n\t\t\t\t<div class=\"elementor-element elementor-element-f3978e7 elementor-widget elementor-widget-text-editor\" data-id=\"f3978e7\" data-element_type=\"widget\" data-e-type=\"widget\" data-widget_type=\"text-editor.default\">\n\t\t\t\t<div class=\"elementor-widget-container\">\n\t\t\t\t\t\t\t\t\t<p>Une tente glamping exclusive, nich\u00e9e entre oliviers et vignes, offrant une vue imprenable sur la mer et les couchers de soleil les plus enchanteurs de l\u2019\u00eele. Un refuge con\u00e7u pour ceux qui souhaitent d\u00e9couvrir l\u2019\u00eele d\u2019Elbe de mani\u00e8re authentique, en parfaite harmonie avec la nature, sans renoncer au confort.<\/p><p>La structure, construite en bois et en mat\u00e9riaux naturels, allie simplicit\u00e9 et charme. \u00c0 l\u2019int\u00e9rieur, des espaces chaleureux avec coin nuit et salle de bain priv\u00e9e ; \u00e0 l\u2019ext\u00e9rieur, sur la terrasse ombrag\u00e9e, une petite cuisine \u00e9quip\u00e9e et un espace pour se d\u00e9tendre, d\u00eener et savourer le calme de la for\u00eat.<\/p><p>Chaque d\u00e9tail a \u00e9t\u00e9 con\u00e7u pour offrir intimit\u00e9 et bien-\u00eatre, avec le parfum du maquis m\u00e9diterran\u00e9en et le bruit de la mer en toile de fond. Depuis le patio, la vue s\u2019\u00e9tend jusqu\u2019\u00e0 l\u2019horizon, o\u00f9 le coucher du soleil offre un spectacle digne d\u2019un tableau.<\/p><p>C\u2019est l\u2019exp\u00e9rience id\u00e9ale pour ceux qui recherchent le luxe de la simplicit\u00e9 : dormir sous les \u00e9toiles, respirer un air pur et retrouver le rythme lent de la nature.<\/p><p>Un lieu rare et intime \u2013 presque une \u00eele dans l\u2019\u00eele \u2013 id\u00e9al pour une escapade romantique ou pour ceux qui souhaitent s\u2019offrir un moment de tranquillit\u00e9 au c\u0153ur de la nature.<\/p><p>Depuis l\u2019agritourisme, un sentier m\u00e8ne \u00e0 une petite baie et \u00e0 quelques falaises, tandis que les plages plus grandes et \u00e9quip\u00e9es se trouvent dans le village voisin de Cavo, \u00e0 environ 1,5 km.<\/p>\t\t\t\t\t\t\t\t<\/div>\n\t\t\t\t<\/div>\n\t\t\t\t\t<\/div>\n\t\t<\/div>\n\t\t\t\t<div class=\"elementor-column elementor-col-50 elementor-inner-column elementor-element elementor-element-7888c1b\" data-id=\"7888c1b\" data-element_type=\"column\" data-e-type=\"column\">\n\t\t\t<div class=\"elementor-widget-wrap elementor-element-populated\">\n\t\t\t\t\t\t<div class=\"elementor-element elementor-element-ca2372c elementor-widget elementor-widget-mfn_gallery\" data-id=\"ca2372c\" data-element_type=\"widget\" data-e-type=\"widget\" data-widget_type=\"mfn_gallery.default\">\n\t\t\t\t<div class=\"elementor-widget-container\">\n\t\t\t\t\t\n\t\t\t<style type='text\/css'>\n\t\t\t\t#sc_gallery-1 {\n\t\t\t\t\tmargin: auto;\n\t\t\t\t}\n\t\t\t\t#sc_gallery-1 .gallery-item {\n\t\t\t\t\tfloat: left;\n\t\t\t\t\ttext-align: center;\n\t\t\t\t\twidth: 49.99%;\n\t\t\t\t}\n\t\t\t\t#sc_gallery-1 img {\n\t\t\t\t\tborder: 2px solid #cfcfcf;\n\t\t\t\t}\n\t\t\t\t\/* see sc_gallery() in functions\/theme-shortcodes.php *\/\n\t\t\t<\/style>\n\t\t<div id='sc_gallery-1' class='gallery galleryid-2554 gallery-columns-2 gallery-size-thumbnail file element_classes flat'><dl class='gallery-item'  data-title='' data-description=''><div class='gallery-item-wrapper'>\n\t\t\t\t<dt class='gallery-icon portrait'>\n\t\t\t\t\t<a href='https:\/\/www.agriturismo-elba.it\/wp-content\/uploads\/2025\/10\/glamping-2-2026.jpg'><img fetchpriority=\"high\" decoding=\"async\" width=\"300\" height=\"300\" src=\"https:\/\/www.agriturismo-elba.it\/wp-content\/uploads\/2025\/10\/glamping-2-2026-300x300.jpg\" class=\"attachment-thumbnail size-thumbnail\" alt=\"\" srcset=\"https:\/\/www.agriturismo-elba.it\/wp-content\/uploads\/2025\/10\/glamping-2-2026-300x300.jpg 300w, https:\/\/www.agriturismo-elba.it\/wp-content\/uploads\/2025\/10\/glamping-2-2026-150x150.jpg 150w\" sizes=\"(max-width:767px) 300px, 300px\" \/><\/a>\n\t\t\t\t<\/dt><\/div><\/dl><dl class='gallery-item'  data-title='' data-description=''><div class='gallery-item-wrapper'>\n\t\t\t\t<dt class='gallery-icon portrait'>\n\t\t\t\t\t<a href='https:\/\/www.agriturismo-elba.it\/wp-content\/uploads\/2025\/10\/glamping-3-2026.jpg'><img decoding=\"async\" width=\"300\" height=\"300\" src=\"https:\/\/www.agriturismo-elba.it\/wp-content\/uploads\/2025\/10\/glamping-3-2026-300x300.jpg\" class=\"attachment-thumbnail size-thumbnail\" alt=\"\" srcset=\"https:\/\/www.agriturismo-elba.it\/wp-content\/uploads\/2025\/10\/glamping-3-2026-300x300.jpg 300w, https:\/\/www.agriturismo-elba.it\/wp-content\/uploads\/2025\/10\/glamping-3-2026-150x150.jpg 150w\" sizes=\"(max-width:767px) 300px, 300px\" \/><\/a>\n\t\t\t\t<\/dt><\/div><\/dl><br style=\"clear: both\" \/><dl class='gallery-item'  data-title='' data-description=''><div class='gallery-item-wrapper'>\n\t\t\t\t<dt class='gallery-icon landscape'>\n\t\t\t\t\t<a href='https:\/\/www.agriturismo-elba.it\/wp-content\/uploads\/2025\/10\/panorama-glamping-4.jpg'><img decoding=\"async\" width=\"300\" height=\"300\" src=\"https:\/\/www.agriturismo-elba.it\/wp-content\/uploads\/2025\/10\/panorama-glamping-4-300x300.jpg\" class=\"attachment-thumbnail size-thumbnail\" alt=\"\" srcset=\"https:\/\/www.agriturismo-elba.it\/wp-content\/uploads\/2025\/10\/panorama-glamping-4-300x300.jpg 300w, https:\/\/www.agriturismo-elba.it\/wp-content\/uploads\/2025\/10\/panorama-glamping-4-150x150.jpg 150w\" sizes=\"(max-width:767px) 300px, 300px\" \/><\/a>\n\t\t\t\t<\/dt><\/div><\/dl><dl class='gallery-item'  data-title='' data-description=''><div class='gallery-item-wrapper'>\n\t\t\t\t<dt class='gallery-icon landscape'>\n\t\t\t\t\t<a href='https:\/\/www.agriturismo-elba.it\/wp-content\/uploads\/2025\/10\/panorama-glamping-5.jpg'><img loading=\"lazy\" decoding=\"async\" width=\"300\" height=\"300\" src=\"https:\/\/www.agriturismo-elba.it\/wp-content\/uploads\/2025\/10\/panorama-glamping-5-300x300.jpg\" class=\"attachment-thumbnail size-thumbnail\" alt=\"\" srcset=\"https:\/\/www.agriturismo-elba.it\/wp-content\/uploads\/2025\/10\/panorama-glamping-5-300x300.jpg 300w, https:\/\/www.agriturismo-elba.it\/wp-content\/uploads\/2025\/10\/panorama-glamping-5-150x150.jpg 150w\" sizes=\"(max-width:767px) 300px, 300px\" \/><\/a>\n\t\t\t\t<\/dt><\/div><\/dl><br style=\"clear: both\" \/><dl class='gallery-item'  data-title='' data-description=''><div class='gallery-item-wrapper'>\n\t\t\t\t<dt class='gallery-icon portrait'>\n\t\t\t\t\t<a href='https:\/\/www.agriturismo-elba.it\/wp-content\/uploads\/2025\/10\/riccio.jpg'><img loading=\"lazy\" decoding=\"async\" width=\"300\" height=\"300\" src=\"https:\/\/www.agriturismo-elba.it\/wp-content\/uploads\/2025\/10\/riccio-300x300.jpg\" class=\"attachment-thumbnail size-thumbnail\" alt=\"\" srcset=\"https:\/\/www.agriturismo-elba.it\/wp-content\/uploads\/2025\/10\/riccio-300x300.jpg 300w, https:\/\/www.agriturismo-elba.it\/wp-content\/uploads\/2025\/10\/riccio-150x150.jpg 150w\" sizes=\"(max-width:767px) 300px, 300px\" \/><\/a>\n\t\t\t\t<\/dt><\/div><\/dl><dl class='gallery-item'  data-title='' data-description=''><div class='gallery-item-wrapper'>\n\t\t\t\t<dt class='gallery-icon landscape'>\n\t\t\t\t\t<a href='https:\/\/www.agriturismo-elba.it\/wp-content\/uploads\/2025\/10\/panorama-glamping-6.jpg'><img loading=\"lazy\" decoding=\"async\" width=\"300\" height=\"300\" src=\"https:\/\/www.agriturismo-elba.it\/wp-content\/uploads\/2025\/10\/panorama-glamping-6-300x300.jpg\" class=\"attachment-thumbnail size-thumbnail\" alt=\"\" srcset=\"https:\/\/www.agriturismo-elba.it\/wp-content\/uploads\/2025\/10\/panorama-glamping-6-300x300.jpg 300w, https:\/\/www.agriturismo-elba.it\/wp-content\/uploads\/2025\/10\/panorama-glamping-6-150x150.jpg 150w\" sizes=\"(max-width:767px) 300px, 300px\" \/><\/a>\n\t\t\t\t<\/dt><\/div><\/dl><br style=\"clear: both\" \/><dl class='gallery-item'  data-title='' data-description=''><div class='gallery-item-wrapper'>\n\t\t\t\t<dt class='gallery-icon portrait'>\n\t\t\t\t\t<a href='https:\/\/www.agriturismo-elba.it\/wp-content\/uploads\/2025\/10\/panorama-glamping-2.jpg'><img loading=\"lazy\" decoding=\"async\" width=\"300\" height=\"300\" src=\"https:\/\/www.agriturismo-elba.it\/wp-content\/uploads\/2025\/10\/panorama-glamping-2-300x300.jpg\" class=\"attachment-thumbnail size-thumbnail\" alt=\"\" srcset=\"https:\/\/www.agriturismo-elba.it\/wp-content\/uploads\/2025\/10\/panorama-glamping-2-300x300.jpg 300w, https:\/\/www.agriturismo-elba.it\/wp-content\/uploads\/2025\/10\/panorama-glamping-2-150x150.jpg 150w\" sizes=\"(max-width:767px) 300px, 300px\" \/><\/a>\n\t\t\t\t<\/dt><\/div><\/dl><dl class='gallery-item'  data-title='' data-description=''><div class='gallery-item-wrapper'>\n\t\t\t\t<dt class='gallery-icon landscape'>\n\t\t\t\t\t<a href='https:\/\/www.agriturismo-elba.it\/wp-content\/uploads\/2025\/10\/panorama-glamping-3.jpg'><img loading=\"lazy\" decoding=\"async\" width=\"300\" height=\"300\" src=\"https:\/\/www.agriturismo-elba.it\/wp-content\/uploads\/2025\/10\/panorama-glamping-3-300x300.jpg\" class=\"attachment-thumbnail size-thumbnail\" alt=\"\" srcset=\"https:\/\/www.agriturismo-elba.it\/wp-content\/uploads\/2025\/10\/panorama-glamping-3-300x300.jpg 300w, https:\/\/www.agriturismo-elba.it\/wp-content\/uploads\/2025\/10\/panorama-glamping-3-150x150.jpg 150w\" sizes=\"(max-width:767px) 300px, 300px\" \/><\/a>\n\t\t\t\t<\/dt><\/div><\/dl><br style=\"clear: both\" \/>\n\t\t\t<\/div>\n\t\t\t\t<\/div>\n\t\t\t\t<\/div>\n\t\t\t\t\t<\/div>\n\t\t<\/div>\n\t\t\t\t\t<\/div>\n\t\t<\/section>\n\t\t\t\t\t<\/div>\n\t\t<\/div>\n\t\t\t\t\t<\/div>\n\t\t<\/section>\n\t\t\t\t<section class=\"elementor-section elementor-top-section elementor-element elementor-element-906dcbb elementor-section-stretched elementor-section-boxed elementor-section-height-default elementor-section-height-default\" data-id=\"906dcbb\" data-element_type=\"section\" data-e-type=\"section\" data-settings=\"{&quot;stretch_section&quot;:&quot;section-stretched&quot;}\">\n\t\t\t\t\t\t<div class=\"elementor-container elementor-column-gap-wider\">\n\t\t\t\t\t<div class=\"elementor-column elementor-col-100 elementor-top-column elementor-element elementor-element-f6029df\" data-id=\"f6029df\" data-element_type=\"column\" data-e-type=\"column\">\n\t\t\t<div class=\"elementor-widget-wrap elementor-element-populated\">\n\t\t\t\t\t\t<section class=\"elementor-section elementor-inner-section elementor-element elementor-element-7fee8e3 elementor-section-boxed elementor-section-height-default elementor-section-height-default\" data-id=\"7fee8e3\" data-element_type=\"section\" data-e-type=\"section\">\n\t\t\t\t\t\t<div class=\"elementor-container elementor-column-gap-default\">\n\t\t\t\t\t<div class=\"elementor-column elementor-col-100 elementor-inner-column elementor-element elementor-element-611d85d\" data-id=\"611d85d\" data-element_type=\"column\" data-e-type=\"column\">\n\t\t\t<div class=\"elementor-widget-wrap elementor-element-populated\">\n\t\t\t\t\t\t<div class=\"elementor-element elementor-element-a2346d7 elementor-widget elementor-widget-text-editor\" data-id=\"a2346d7\" data-element_type=\"widget\" data-e-type=\"widget\" data-widget_type=\"text-editor.default\">\n\t\t\t\t<div class=\"elementor-widget-container\">\n\t\t\t\t\t\t\t\t\t<h2>Prix \u00e0 La Semaine 2026<\/h2>\t\t\t\t\t\t\t\t<\/div>\n\t\t\t\t<\/div>\n\t\t\t\t\t<\/div>\n\t\t<\/div>\n\t\t\t\t\t<\/div>\n\t\t<\/section>\n\t\t\t\t<section class=\"elementor-section elementor-inner-section elementor-element elementor-element-9fe67ab elementor-section-boxed elementor-section-height-default elementor-section-height-default\" data-id=\"9fe67ab\" data-element_type=\"section\" data-e-type=\"section\">\n\t\t\t\t\t\t<div class=\"elementor-container elementor-column-gap-default\">\n\t\t\t\t\t<div class=\"elementor-column elementor-col-100 elementor-inner-column elementor-element elementor-element-e7301fb\" data-id=\"e7301fb\" data-element_type=\"column\" data-e-type=\"column\">\n\t\t\t<div class=\"elementor-widget-wrap elementor-element-populated\">\n\t\t\t\t\t\t<div class=\"elementor-element elementor-element-70f2681 elementor-widget elementor-widget-text-editor\" data-id=\"70f2681\" data-element_type=\"widget\" data-e-type=\"widget\" data-widget_type=\"text-editor.default\">\n\t\t\t\t<div class=\"elementor-widget-container\">\n\t\t\t\t\t\t\t\t\t<table>\n<thead>\n<tr>\n<th>P\u00e9riode<\/th>\n<th>Capraia &#8211; Arco &#8211; Gorgona<\/th>\n<th>Palmenti &#8211; Glamping<\/th>\n<\/tr>\n<\/thead>\n<tbody>\n<tr>\n<td>01\/04 &#8211; 29\/05<\/td>\n<td>\u20ac 770,00<\/td>\n<td>\u20ac 850,00<\/td>\n<\/tr>\n<tr>\n<td>30\/05 &#8211; 31\/07<\/td>\n<td>\u20ac 900,00<\/td>\n<td>\u20ac 990,00<\/td>\n<\/tr>\n<tr>\n<td>01\/08 &#8211; 28\/08<\/td>\n<td>\u20ac 1340,00<\/td>\n<td>\u20ac 1500,00<\/td>\n<\/tr>\n<tr>\n<td>29\/08 &#8211; 18\/09<\/td>\n<td>\u20ac 900,00<\/td>\n<td>\u20ac 990,00<\/td>\n<\/tr>\n<tr>\n<td>19\/09 &#8211; 30\/10<\/td>\n<td>\u20ac 770,00<\/td>\n<td>\u20ac 850,00<\/td>\n<\/tr>\n<\/tbody>\n<\/table>\t\t\t\t\t\t\t\t<\/div>\n\t\t\t\t<\/div>\n\t\t\t\t\t<\/div>\n\t\t<\/div>\n\t\t\t\t\t<\/div>\n\t\t<\/section>\n\t\t\t\t\t<\/div>\n\t\t<\/div>\n\t\t\t\t\t<\/div>\n\t\t<\/section>\n\t\t\t\t<section class=\"elementor-section elementor-top-section elementor-element elementor-element-57c41c5a elementor-section-boxed elementor-section-height-default elementor-section-height-default\" data-id=\"57c41c5a\" data-element_type=\"section\" data-e-type=\"section\">\n\t\t\t\t\t\t<div class=\"elementor-container elementor-column-gap-default\">\n\t\t\t\t\t<div class=\"elementor-column elementor-col-100 elementor-top-column elementor-element elementor-element-40838ee8\" data-id=\"40838ee8\" data-element_type=\"column\" data-e-type=\"column\">\n\t\t\t<div class=\"elementor-widget-wrap elementor-element-populated\">\n\t\t\t\t\t\t<div class=\"elementor-element elementor-element-d5a4571 elementor-align-center elementor-widget elementor-widget-button\" data-id=\"d5a4571\" data-element_type=\"widget\" data-e-type=\"widget\" data-widget_type=\"button.default\">\n\t\t\t\t<div class=\"elementor-widget-container\">\n\t\t\t\t\t\t\t\t\t<div class=\"elementor-button-wrapper\">\n\t\t\t\t\t<a class=\"elementor-button elementor-button-link elementor-size-sm\" href=\"https:\/\/www.agriturismo-elba.it\/fr\/contacts\/\">\n\t\t\t\t\t\t<span class=\"elementor-button-content-wrapper\">\n\t\t\t\t\t\t\t\t\t<span class=\"elementor-button-text\">\tDemander des informations<\/span>\n\t\t\t\t\t<\/span>\n\t\t\t\t\t<\/a>\n\t\t\t\t<\/div>\n\t\t\t\t\t\t\t\t<\/div>\n\t\t\t\t<\/div>\n\t\t\t\t\t<\/div>\n\t\t<\/div>\n\t\t\t\t\t<\/div>\n\t\t<\/section>\n\t\t\t\t<\/div>\n\t\t","protected":false},"excerpt":{"rendered":"<p>Glamping avec vue sur la mer Une tente glamping exclusive, nich\u00e9e entre oliviers et vignes, offrant une vue imprenable sur la mer et les couchers de<span class=\"excerpt-hellip\"> [\u2026]<\/span><\/p>\n","protected":false},"author":1,"featured_media":2492,"parent":0,"menu_order":0,"comment_status":"closed","ping_status":"closed","template":"","meta":{"footnotes":""},"class_list":["post-2554","page","type-page","status-publish","has-post-thumbnail","hentry"],"_links":{"self":[{"href":"https:\/\/www.agriturismo-elba.it\/fr\/wp-json\/wp\/v2\/pages\/2554","targetHints":{"allow":["GET"]}}],"collection":[{"href":"https:\/\/www.agriturismo-elba.it\/fr\/wp-json\/wp\/v2\/pages"}],"about":[{"href":"https:\/\/www.agriturismo-elba.it\/fr\/wp-json\/wp\/v2\/types\/page"}],"author":[{"embeddable":true,"href":"https:\/\/www.agriturismo-elba.it\/fr\/wp-json\/wp\/v2\/users\/1"}],"replies":[{"embeddable":true,"href":"https:\/\/www.agriturismo-elba.it\/fr\/wp-json\/wp\/v2\/comments?post=2554"}],"version-history":[{"count":5,"href":"https:\/\/www.agriturismo-elba.it\/fr\/wp-json\/wp\/v2\/pages\/2554\/revisions"}],"predecessor-version":[{"id":2743,"href":"https:\/\/www.agriturismo-elba.it\/fr\/wp-json\/wp\/v2\/pages\/2554\/revisions\/2743"}],"wp:featuredmedia":[{"embeddable":true,"href":"https:\/\/www.agriturismo-elba.it\/fr\/wp-json\/wp\/v2\/media\/2492"}],"wp:attachment":[{"href":"https:\/\/www.agriturismo-elba.it\/fr\/wp-json\/wp\/v2\/media?parent=2554"}],"curies":[{"name":"wp","href":"https:\/\/api.w.org\/{rel}","templated":true}]}}