{"id":2555,"date":"2025-10-28T11:14:33","date_gmt":"2025-10-28T10:14:33","guid":{"rendered":"https:\/\/www.agriturismo-elba.it\/glamping\/"},"modified":"2026-02-23T12:18:02","modified_gmt":"2026-02-23T11:18:02","slug":"glamping","status":"publish","type":"page","link":"https:\/\/www.agriturismo-elba.it\/de\/glamping\/","title":{"rendered":"Glamping"},"content":{"rendered":"\t\t<div data-elementor-type=\"wp-page\" data-elementor-id=\"2555\" class=\"elementor elementor-2555 elementor-2488\">\n\t\t\t\t\t\t<section class=\"elementor-section elementor-top-section elementor-element elementor-element-b7d722f elementor-section-stretched elementor-section-boxed elementor-section-height-default elementor-section-height-default\" data-id=\"b7d722f\" data-element_type=\"section\" data-e-type=\"section\" data-settings=\"{&quot;stretch_section&quot;:&quot;section-stretched&quot;}\">\n\t\t\t\t\t\t<div class=\"elementor-container elementor-column-gap-wider\">\n\t\t\t\t\t<div class=\"elementor-column elementor-col-100 elementor-top-column elementor-element elementor-element-b4e75bf\" data-id=\"b4e75bf\" data-element_type=\"column\" data-e-type=\"column\">\n\t\t\t<div class=\"elementor-widget-wrap elementor-element-populated\">\n\t\t\t\t\t\t<section class=\"elementor-section elementor-inner-section elementor-element elementor-element-51548ca elementor-section-boxed elementor-section-height-default elementor-section-height-default\" data-id=\"51548ca\" data-element_type=\"section\" data-e-type=\"section\">\n\t\t\t\t\t\t<div class=\"elementor-container elementor-column-gap-wider\">\n\t\t\t\t\t<div class=\"elementor-column elementor-col-50 elementor-inner-column elementor-element elementor-element-f2ecbe2\" data-id=\"f2ecbe2\" data-element_type=\"column\" data-e-type=\"column\">\n\t\t\t<div class=\"elementor-widget-wrap elementor-element-populated\">\n\t\t\t\t\t\t<div class=\"elementor-element elementor-element-e71cf6d elementor-widget elementor-widget-text-editor\" data-id=\"e71cf6d\" data-element_type=\"widget\" data-e-type=\"widget\" data-widget_type=\"text-editor.default\">\n\t\t\t\t<div class=\"elementor-widget-container\">\n\t\t\t\t\t\t\t\t\t<h2>Glamping mit Meerblick<\/h2>\t\t\t\t\t\t\t\t<\/div>\n\t\t\t\t<\/div>\n\t\t\t\t<div class=\"elementor-element elementor-element-f3978e7 elementor-widget elementor-widget-text-editor\" data-id=\"f3978e7\" data-element_type=\"widget\" data-e-type=\"widget\" data-widget_type=\"text-editor.default\">\n\t\t\t\t<div class=\"elementor-widget-container\">\n\t\t\t\t\t\t\t\t\t<p>Ein exklusives Glamping-Zelt, eingebettet zwischen Olivenb\u00e4umen und Weinreben, mit einem Blick, der sich zum Meer und zu den sch\u00f6nsten Sonnenunterg\u00e4ngen der Insel \u00f6ffnet. Ein R\u00fcckzugsort f\u00fcr alle, die Elba authentisch erleben m\u00f6chten \u2013 im Einklang mit der Natur, ohne auf Komfort zu verzichten.<\/p><p>Die Unterkunft, aus Holz und nat\u00fcrlichen Materialien gebaut, vereint Schlichtheit und Charme. Innen gem\u00fctliche R\u00e4ume mit Schlafbereich und eigenem Bad; au\u00dfen, auf der schattigen Terrasse, eine kleine ausgestattete K\u00fcche und ein Bereich zum Entspannen, Essen und Genie\u00dfen der Ruhe des Waldes.<\/p><p>Jedes Detail ist darauf ausgelegt, Privatsph\u00e4re und Wohlbefinden zu bieten, mit dem Duft der mediterranen Macchia und dem Klang des Meeres im Hintergrund. Vom Patio aus reicht der Blick bis zum Horizont, wo die Sonne beim Untergang ein unvergessliches Schauspiel bietet.<\/p><p>Ein ideales Erlebnis f\u00fcr alle, die den Luxus der Einfachheit suchen: unter den Sternen schlafen, saubere Luft atmen und den langsamen Rhythmus der Natur wiederentdecken.<\/p><p>Ein seltener, intimer Ort \u2013 fast eine Insel auf der Insel \u2013 ideal f\u00fcr einen romantischen Aufenthalt oder f\u00fcr alle, die sich Zeit f\u00fcr sich selbst in einer nat\u00fcrlichen Oase g\u00f6nnen m\u00f6chten.<\/p><p>Vom Agriturismo f\u00fchrt ein Weg zu einer kleinen Bucht und einigen Klippen, w\u00e4hrend die gr\u00f6\u00dferen, ausgestatteten Str\u00e4nde im nahegelegenen Ort Cavo, etwa 1,5 km entfernt, liegen.<\/p>\t\t\t\t\t\t\t\t<\/div>\n\t\t\t\t<\/div>\n\t\t\t\t\t<\/div>\n\t\t<\/div>\n\t\t\t\t<div class=\"elementor-column elementor-col-50 elementor-inner-column elementor-element elementor-element-7888c1b\" data-id=\"7888c1b\" data-element_type=\"column\" data-e-type=\"column\">\n\t\t\t<div class=\"elementor-widget-wrap elementor-element-populated\">\n\t\t\t\t\t\t<div class=\"elementor-element elementor-element-ca2372c elementor-widget elementor-widget-mfn_gallery\" data-id=\"ca2372c\" data-element_type=\"widget\" data-e-type=\"widget\" data-widget_type=\"mfn_gallery.default\">\n\t\t\t\t<div class=\"elementor-widget-container\">\n\t\t\t\t\t\n\t\t\t<style type='text\/css'>\n\t\t\t\t#sc_gallery-1 {\n\t\t\t\t\tmargin: auto;\n\t\t\t\t}\n\t\t\t\t#sc_gallery-1 .gallery-item {\n\t\t\t\t\tfloat: left;\n\t\t\t\t\ttext-align: center;\n\t\t\t\t\twidth: 49.99%;\n\t\t\t\t}\n\t\t\t\t#sc_gallery-1 img {\n\t\t\t\t\tborder: 2px solid #cfcfcf;\n\t\t\t\t}\n\t\t\t\t\/* see sc_gallery() in functions\/theme-shortcodes.php *\/\n\t\t\t<\/style>\n\t\t<div id='sc_gallery-1' class='gallery galleryid-2555 gallery-columns-2 gallery-size-thumbnail file element_classes flat'><dl class='gallery-item'  data-title='' data-description=''><div class='gallery-item-wrapper'>\n\t\t\t\t<dt class='gallery-icon portrait'>\n\t\t\t\t\t<a href='https:\/\/www.agriturismo-elba.it\/wp-content\/uploads\/2025\/10\/glamping-2-2026.jpg'><img fetchpriority=\"high\" decoding=\"async\" width=\"300\" height=\"300\" src=\"https:\/\/www.agriturismo-elba.it\/wp-content\/uploads\/2025\/10\/glamping-2-2026-300x300.jpg\" class=\"attachment-thumbnail size-thumbnail\" alt=\"\" srcset=\"https:\/\/www.agriturismo-elba.it\/wp-content\/uploads\/2025\/10\/glamping-2-2026-300x300.jpg 300w, https:\/\/www.agriturismo-elba.it\/wp-content\/uploads\/2025\/10\/glamping-2-2026-150x150.jpg 150w\" sizes=\"(max-width:767px) 300px, 300px\" \/><\/a>\n\t\t\t\t<\/dt><\/div><\/dl><dl class='gallery-item'  data-title='' data-description=''><div class='gallery-item-wrapper'>\n\t\t\t\t<dt class='gallery-icon portrait'>\n\t\t\t\t\t<a href='https:\/\/www.agriturismo-elba.it\/wp-content\/uploads\/2025\/10\/glamping-3-2026.jpg'><img decoding=\"async\" width=\"300\" height=\"300\" src=\"https:\/\/www.agriturismo-elba.it\/wp-content\/uploads\/2025\/10\/glamping-3-2026-300x300.jpg\" class=\"attachment-thumbnail size-thumbnail\" alt=\"\" srcset=\"https:\/\/www.agriturismo-elba.it\/wp-content\/uploads\/2025\/10\/glamping-3-2026-300x300.jpg 300w, https:\/\/www.agriturismo-elba.it\/wp-content\/uploads\/2025\/10\/glamping-3-2026-150x150.jpg 150w\" sizes=\"(max-width:767px) 300px, 300px\" \/><\/a>\n\t\t\t\t<\/dt><\/div><\/dl><br style=\"clear: both\" \/><dl class='gallery-item'  data-title='' data-description=''><div class='gallery-item-wrapper'>\n\t\t\t\t<dt class='gallery-icon landscape'>\n\t\t\t\t\t<a href='https:\/\/www.agriturismo-elba.it\/wp-content\/uploads\/2025\/10\/panorama-glamping-4.jpg'><img decoding=\"async\" width=\"300\" height=\"300\" src=\"https:\/\/www.agriturismo-elba.it\/wp-content\/uploads\/2025\/10\/panorama-glamping-4-300x300.jpg\" class=\"attachment-thumbnail size-thumbnail\" alt=\"\" srcset=\"https:\/\/www.agriturismo-elba.it\/wp-content\/uploads\/2025\/10\/panorama-glamping-4-300x300.jpg 300w, https:\/\/www.agriturismo-elba.it\/wp-content\/uploads\/2025\/10\/panorama-glamping-4-150x150.jpg 150w\" sizes=\"(max-width:767px) 300px, 300px\" \/><\/a>\n\t\t\t\t<\/dt><\/div><\/dl><dl class='gallery-item'  data-title='' data-description=''><div class='gallery-item-wrapper'>\n\t\t\t\t<dt class='gallery-icon landscape'>\n\t\t\t\t\t<a href='https:\/\/www.agriturismo-elba.it\/wp-content\/uploads\/2025\/10\/panorama-glamping-5.jpg'><img loading=\"lazy\" decoding=\"async\" width=\"300\" height=\"300\" src=\"https:\/\/www.agriturismo-elba.it\/wp-content\/uploads\/2025\/10\/panorama-glamping-5-300x300.jpg\" class=\"attachment-thumbnail size-thumbnail\" alt=\"\" srcset=\"https:\/\/www.agriturismo-elba.it\/wp-content\/uploads\/2025\/10\/panorama-glamping-5-300x300.jpg 300w, https:\/\/www.agriturismo-elba.it\/wp-content\/uploads\/2025\/10\/panorama-glamping-5-150x150.jpg 150w\" sizes=\"(max-width:767px) 300px, 300px\" \/><\/a>\n\t\t\t\t<\/dt><\/div><\/dl><br style=\"clear: both\" \/><dl class='gallery-item'  data-title='' data-description=''><div class='gallery-item-wrapper'>\n\t\t\t\t<dt class='gallery-icon portrait'>\n\t\t\t\t\t<a href='https:\/\/www.agriturismo-elba.it\/wp-content\/uploads\/2025\/10\/riccio.jpg'><img loading=\"lazy\" decoding=\"async\" width=\"300\" height=\"300\" src=\"https:\/\/www.agriturismo-elba.it\/wp-content\/uploads\/2025\/10\/riccio-300x300.jpg\" class=\"attachment-thumbnail size-thumbnail\" alt=\"\" srcset=\"https:\/\/www.agriturismo-elba.it\/wp-content\/uploads\/2025\/10\/riccio-300x300.jpg 300w, https:\/\/www.agriturismo-elba.it\/wp-content\/uploads\/2025\/10\/riccio-150x150.jpg 150w\" sizes=\"(max-width:767px) 300px, 300px\" \/><\/a>\n\t\t\t\t<\/dt><\/div><\/dl><dl class='gallery-item'  data-title='' data-description=''><div class='gallery-item-wrapper'>\n\t\t\t\t<dt class='gallery-icon landscape'>\n\t\t\t\t\t<a href='https:\/\/www.agriturismo-elba.it\/wp-content\/uploads\/2025\/10\/panorama-glamping-6.jpg'><img loading=\"lazy\" decoding=\"async\" width=\"300\" height=\"300\" src=\"https:\/\/www.agriturismo-elba.it\/wp-content\/uploads\/2025\/10\/panorama-glamping-6-300x300.jpg\" class=\"attachment-thumbnail size-thumbnail\" alt=\"\" srcset=\"https:\/\/www.agriturismo-elba.it\/wp-content\/uploads\/2025\/10\/panorama-glamping-6-300x300.jpg 300w, https:\/\/www.agriturismo-elba.it\/wp-content\/uploads\/2025\/10\/panorama-glamping-6-150x150.jpg 150w\" sizes=\"(max-width:767px) 300px, 300px\" \/><\/a>\n\t\t\t\t<\/dt><\/div><\/dl><br style=\"clear: both\" \/><dl class='gallery-item'  data-title='' data-description=''><div class='gallery-item-wrapper'>\n\t\t\t\t<dt class='gallery-icon portrait'>\n\t\t\t\t\t<a href='https:\/\/www.agriturismo-elba.it\/wp-content\/uploads\/2025\/10\/panorama-glamping-2.jpg'><img loading=\"lazy\" decoding=\"async\" width=\"300\" height=\"300\" src=\"https:\/\/www.agriturismo-elba.it\/wp-content\/uploads\/2025\/10\/panorama-glamping-2-300x300.jpg\" class=\"attachment-thumbnail size-thumbnail\" alt=\"\" srcset=\"https:\/\/www.agriturismo-elba.it\/wp-content\/uploads\/2025\/10\/panorama-glamping-2-300x300.jpg 300w, https:\/\/www.agriturismo-elba.it\/wp-content\/uploads\/2025\/10\/panorama-glamping-2-150x150.jpg 150w\" sizes=\"(max-width:767px) 300px, 300px\" \/><\/a>\n\t\t\t\t<\/dt><\/div><\/dl><dl class='gallery-item'  data-title='' data-description=''><div class='gallery-item-wrapper'>\n\t\t\t\t<dt class='gallery-icon landscape'>\n\t\t\t\t\t<a href='https:\/\/www.agriturismo-elba.it\/wp-content\/uploads\/2025\/10\/panorama-glamping-3.jpg'><img loading=\"lazy\" decoding=\"async\" width=\"300\" height=\"300\" src=\"https:\/\/www.agriturismo-elba.it\/wp-content\/uploads\/2025\/10\/panorama-glamping-3-300x300.jpg\" class=\"attachment-thumbnail size-thumbnail\" alt=\"\" srcset=\"https:\/\/www.agriturismo-elba.it\/wp-content\/uploads\/2025\/10\/panorama-glamping-3-300x300.jpg 300w, https:\/\/www.agriturismo-elba.it\/wp-content\/uploads\/2025\/10\/panorama-glamping-3-150x150.jpg 150w\" sizes=\"(max-width:767px) 300px, 300px\" \/><\/a>\n\t\t\t\t<\/dt><\/div><\/dl><br style=\"clear: both\" \/>\n\t\t\t<\/div>\n\t\t\t\t<\/div>\n\t\t\t\t<\/div>\n\t\t\t\t\t<\/div>\n\t\t<\/div>\n\t\t\t\t\t<\/div>\n\t\t<\/section>\n\t\t\t\t\t<\/div>\n\t\t<\/div>\n\t\t\t\t\t<\/div>\n\t\t<\/section>\n\t\t\t\t<section class=\"elementor-section elementor-top-section elementor-element elementor-element-dd69c95 elementor-section-stretched elementor-section-boxed elementor-section-height-default elementor-section-height-default\" data-id=\"dd69c95\" data-element_type=\"section\" data-e-type=\"section\" data-settings=\"{&quot;stretch_section&quot;:&quot;section-stretched&quot;}\">\n\t\t\t\t\t\t<div class=\"elementor-container elementor-column-gap-wider\">\n\t\t\t\t\t<div class=\"elementor-column elementor-col-100 elementor-top-column elementor-element elementor-element-5eb81c6\" data-id=\"5eb81c6\" data-element_type=\"column\" data-e-type=\"column\">\n\t\t\t<div class=\"elementor-widget-wrap elementor-element-populated\">\n\t\t\t\t\t\t<section class=\"elementor-section elementor-inner-section elementor-element elementor-element-bb9d267 elementor-section-boxed elementor-section-height-default elementor-section-height-default\" data-id=\"bb9d267\" data-element_type=\"section\" data-e-type=\"section\">\n\t\t\t\t\t\t<div class=\"elementor-container elementor-column-gap-default\">\n\t\t\t\t\t<div class=\"elementor-column elementor-col-100 elementor-inner-column elementor-element elementor-element-5886477\" data-id=\"5886477\" data-element_type=\"column\" data-e-type=\"column\">\n\t\t\t<div class=\"elementor-widget-wrap elementor-element-populated\">\n\t\t\t\t\t\t<div class=\"elementor-element elementor-element-6027010 elementor-widget elementor-widget-text-editor\" data-id=\"6027010\" data-element_type=\"widget\" data-e-type=\"widget\" data-widget_type=\"text-editor.default\">\n\t\t\t\t<div class=\"elementor-widget-container\">\n\t\t\t\t\t\t\t\t\t<h2>Wochenpreise 2026<\/h2>\t\t\t\t\t\t\t\t<\/div>\n\t\t\t\t<\/div>\n\t\t\t\t\t<\/div>\n\t\t<\/div>\n\t\t\t\t\t<\/div>\n\t\t<\/section>\n\t\t\t\t<section class=\"elementor-section elementor-inner-section elementor-element elementor-element-a0d1693 elementor-section-boxed elementor-section-height-default elementor-section-height-default\" data-id=\"a0d1693\" data-element_type=\"section\" data-e-type=\"section\">\n\t\t\t\t\t\t<div class=\"elementor-container elementor-column-gap-default\">\n\t\t\t\t\t<div class=\"elementor-column elementor-col-100 elementor-inner-column elementor-element elementor-element-9d939eb\" data-id=\"9d939eb\" data-element_type=\"column\" data-e-type=\"column\">\n\t\t\t<div class=\"elementor-widget-wrap elementor-element-populated\">\n\t\t\t\t\t\t<div class=\"elementor-element elementor-element-3a9a7c0 elementor-widget elementor-widget-text-editor\" data-id=\"3a9a7c0\" data-element_type=\"widget\" data-e-type=\"widget\" data-widget_type=\"text-editor.default\">\n\t\t\t\t<div class=\"elementor-widget-container\">\n\t\t\t\t\t\t\t\t\t<table>\n<thead>\n<tr>\n<th>Zeitraum<\/th>\n<th>Capraia &#8211; Arco &#8211; Gorgona<\/th>\n<th>Palmenti &#8211; Glamping<\/th>\n<\/tr>\n<\/thead>\n<tbody>\n<tr>\n<td>01\/04 &#8211; 29\/05<\/td>\n<td>\u20ac 770,00<\/td>\n<td>\u20ac 850,00<\/td>\n<\/tr>\n<tr>\n<td>30\/05 &#8211; 31\/07<\/td>\n<td>\u20ac 900,00<\/td>\n<td>\u20ac 990,00<\/td>\n<\/tr>\n<tr>\n<td>01\/08 &#8211; 28\/08<\/td>\n<td>\u20ac 1340,00<\/td>\n<td>\u20ac 1500,00<\/td>\n<\/tr>\n<tr>\n<td>29\/08 &#8211; 18\/09<\/td>\n<td>\u20ac 900,00<\/td>\n<td>\u20ac 990,00<\/td>\n<\/tr>\n<tr>\n<td>19\/09 &#8211; 30\/10<\/td>\n<td>\u20ac 770,00<\/td>\n<td>\u20ac 850,00<\/td>\n<\/tr>\n<\/tbody>\n<\/table>\t\t\t\t\t\t\t\t<\/div>\n\t\t\t\t<\/div>\n\t\t\t\t\t<\/div>\n\t\t<\/div>\n\t\t\t\t\t<\/div>\n\t\t<\/section>\n\t\t\t\t\t<\/div>\n\t\t<\/div>\n\t\t\t\t\t<\/div>\n\t\t<\/section>\n\t\t\t\t<section class=\"elementor-section elementor-top-section elementor-element elementor-element-2b81d2fa elementor-section-boxed elementor-section-height-default elementor-section-height-default\" data-id=\"2b81d2fa\" data-element_type=\"section\" data-e-type=\"section\">\n\t\t\t\t\t\t<div class=\"elementor-container elementor-column-gap-default\">\n\t\t\t\t\t<div class=\"elementor-column elementor-col-100 elementor-top-column elementor-element elementor-element-36273e21\" data-id=\"36273e21\" data-element_type=\"column\" data-e-type=\"column\">\n\t\t\t<div class=\"elementor-widget-wrap elementor-element-populated\">\n\t\t\t\t\t\t<div class=\"elementor-element elementor-element-5a673267 elementor-align-center elementor-widget elementor-widget-button\" data-id=\"5a673267\" data-element_type=\"widget\" data-e-type=\"widget\" data-widget_type=\"button.default\">\n\t\t\t\t<div class=\"elementor-widget-container\">\n\t\t\t\t\t\t\t\t\t<div class=\"elementor-button-wrapper\">\n\t\t\t\t\t<a class=\"elementor-button elementor-button-link elementor-size-sm\" href=\"https:\/\/www.agriturismo-elba.it\/de\/kontakt\/\">\n\t\t\t\t\t\t<span class=\"elementor-button-content-wrapper\">\n\t\t\t\t\t\t\t\t\t<span class=\"elementor-button-text\">Informationen anfordern<\/span>\n\t\t\t\t\t<\/span>\n\t\t\t\t\t<\/a>\n\t\t\t\t<\/div>\n\t\t\t\t\t\t\t\t<\/div>\n\t\t\t\t<\/div>\n\t\t\t\t\t<\/div>\n\t\t<\/div>\n\t\t\t\t\t<\/div>\n\t\t<\/section>\n\t\t\t\t<\/div>\n\t\t","protected":false},"excerpt":{"rendered":"<p>Glamping mit Meerblick Ein exklusives Glamping-Zelt, eingebettet zwischen Olivenb\u00e4umen und Weinreben, mit einem Blick, der sich zum Meer und zu den sch\u00f6nsten Sonnenunterg\u00e4ngen der Insel \u00f6ffnet.<span class=\"excerpt-hellip\"> [\u2026]<\/span><\/p>\n","protected":false},"author":1,"featured_media":2493,"parent":0,"menu_order":0,"comment_status":"closed","ping_status":"closed","template":"","meta":{"footnotes":""},"class_list":["post-2555","page","type-page","status-publish","has-post-thumbnail","hentry"],"_links":{"self":[{"href":"https:\/\/www.agriturismo-elba.it\/de\/wp-json\/wp\/v2\/pages\/2555","targetHints":{"allow":["GET"]}}],"collection":[{"href":"https:\/\/www.agriturismo-elba.it\/de\/wp-json\/wp\/v2\/pages"}],"about":[{"href":"https:\/\/www.agriturismo-elba.it\/de\/wp-json\/wp\/v2\/types\/page"}],"author":[{"embeddable":true,"href":"https:\/\/www.agriturismo-elba.it\/de\/wp-json\/wp\/v2\/users\/1"}],"replies":[{"embeddable":true,"href":"https:\/\/www.agriturismo-elba.it\/de\/wp-json\/wp\/v2\/comments?post=2555"}],"version-history":[{"count":5,"href":"https:\/\/www.agriturismo-elba.it\/de\/wp-json\/wp\/v2\/pages\/2555\/revisions"}],"predecessor-version":[{"id":2766,"href":"https:\/\/www.agriturismo-elba.it\/de\/wp-json\/wp\/v2\/pages\/2555\/revisions\/2766"}],"wp:featuredmedia":[{"embeddable":true,"href":"https:\/\/www.agriturismo-elba.it\/de\/wp-json\/wp\/v2\/media\/2493"}],"wp:attachment":[{"href":"https:\/\/www.agriturismo-elba.it\/de\/wp-json\/wp\/v2\/media?parent=2555"}],"curies":[{"name":"wp","href":"https:\/\/api.w.org\/{rel}","templated":true}]}}